{"id":101,"date":"2018-11-20T20:09:12","date_gmt":"2018-11-20T20:09:12","guid":{"rendered":"http:\/\/genesis.st-josef-marktredwitz.de\/?page_id=101"},"modified":"2025-07-18T12:27:11","modified_gmt":"2025-07-18T12:27:11","slug":"liturgische-helfer","status":"publish","type":"page","link":"https:\/\/www.st-josef-marktredwitz.de\/?page_id=101","title":{"rendered":"Liturgische Helfer"},"content":{"rendered":"\n<div class=\"wp-block-columns is-layout-flex wp-container-core-columns-is-layout-28f84493 wp-block-columns-is-layout-flex\">\n<div class=\"wp-block-column is-layout-flow wp-block-column-is-layout-flow\" style=\"flex-basis:66.66%\">\n<h3 class=\"wp-block-heading\">Organist<\/h3>\n\n\n\n<p>Wilhelm Heidtmann, <a href=\"mailto:wilhelm.heidtmann@web.de\">wilhelm.heidtmann@web.de<\/a><\/p>\n\n\n\n<h3 class=\"wp-block-heading\">Mesner<\/h3>\n\n\n\n<p>Unser Mesner Christian Kappl ist zust\u00e4ndig f\u00fcr die Sakristei und die Vorbereitung aller Gegenst\u00e4nde, die f\u00fcr die Gottesdienste ben\u00f6tigt werden.<\/p>\n<\/div>\n\n\n\n<div class=\"wp-block-column is-layout-flow wp-block-column-is-layout-flow\" style=\"flex-basis:33.33%\">\n<figure class=\"wp-block-image size-full\"><img loading=\"lazy\" decoding=\"async\" width=\"600\" height=\"903\" src=\"https:\/\/www.st-josef-marktredwitz.de\/wp-content\/uploads\/2019\/04\/Mesner-Christian-Kappl.jpg\" alt=\"\" class=\"wp-image-618\" srcset=\"https:\/\/www.st-josef-marktredwitz.de\/wp-content\/uploads\/2019\/04\/Mesner-Christian-Kappl.jpg 600w, https:\/\/www.st-josef-marktredwitz.de\/wp-content\/uploads\/2019\/04\/Mesner-Christian-Kappl-332x500.jpg 332w\" sizes=\"auto, (max-width: 600px) 100vw, 600px\" \/><\/figure>\n<\/div>\n<\/div>\n\n\n\n<h3 class=\"wp-block-heading\">Lektoren und Kommunionhelfer<\/h3>\n\n\n\n<div class=\"wp-block-columns is-layout-flex wp-container-core-columns-is-layout-28f84493 wp-block-columns-is-layout-flex\">\n<div class=\"wp-block-column is-layout-flow wp-block-column-is-layout-flow\">\n<p>Mit ihrem Dienst \u00fcbernehmen die Lektoren und Lektorinnen eine wichtige eigenst\u00e4ndige liturgische Aufgabe im Ablauf der Gottesdienste: Sie verk\u00fcnden das Wort Gottes aus der Heiligen Schrift. Stellvertretend f\u00fcr die ganze Gemeinde sprechen sie die F\u00fcrbitten und bringen die Anliegen der Gemeinde zur Sprache. Jeder, der getauft ist, kann Lektor oder Lektorin werden.<\/p>\n\n\n\n<p>In der Eucharistiefeier treten die Kommunionhelferinnen und -helfer bei der Brotbrechung zum Altar. Hier beginnt ihr Dienst. Sie helfen bei der Austeilung der Kommunion, bringen Alten und Kranken die Kommunion und d\u00fcrfen gegebenenfalls auch das Allerheiligste aussetzen. Auf diese Weise unterst\u00fctzen sie die Seelsorge vor Ort, st\u00e4rken die Verbindung unter den Gl\u00e4ubigen und tragen aktiv zum Aufbau der Gemeinde bei.<\/p>\n\n\n\n<p>Der aktuelle <strong>Lektoren- und Kommunionhelferplan<\/strong> findet sich immer <a href=\"https:\/\/www.st-josef-marktredwitz.de\">auf der Startseite unter <strong>Dienstpl\u00e4ne<\/strong><\/a>.<\/p>\n<\/div>\n<\/div>\n\n\n\n<h3 class=\"wp-block-heading\">Familien- und Kinderwortgottesdienst-Team<\/h3>\n\n\n\n<p>Unsere <a href=\"https:\/\/www.st-josef-marktredwitz.de\/?page_id=522\">Familien- und Kinderwortgottesdienste<\/a> werden von einer engagierten Gruppe vorbereitet. Neulinge sind jederzeit herzlich willkommen.<\/p>\n\n\n\n<p><strong>Kontakt:<\/strong>&nbsp;Christina Weyer,&nbsp;<a href=\"mailto:christina.weyer@gmx.de\">christina.weyer@gmx.de<\/a><\/p>\n\n\n\n<div class=\"wp-block-columns is-layout-flex wp-container-core-columns-is-layout-28f84493 wp-block-columns-is-layout-flex\">\n<div class=\"wp-block-column is-layout-flow wp-block-column-is-layout-flow\" style=\"flex-basis:66.66%\">\n<h3 class=\"wp-block-heading\">Kirchenschmuck<\/h3>\n\n\n\n<p>Friederike und Wolfgang Hamm k\u00fcmmern sich w\u00e4hrend des gesamten Jahres um den passenden Blumenschmuck. Auch der Maialtar zu Ehren Mariens und der Erntealter wird von ihnen liebevoll geschm\u00fcckt.<\/p>\n\n\n\n<h3 class=\"wp-block-heading\">Kirchenreinigung<\/h3>\n\n\n\n<p>Zur Zeit engagieren sich 22 Frauen der Pfarrei f\u00fcr die w\u00f6chentliche Reinigung der Pfarr- und Theresienkirche. Die Frauen treffen sich f\u00fcr die Reinigung der Pfarrkirche&nbsp;am&nbsp;Donnerstag bzw. Freitag. Dabei wechseln sich jeweils die 5 Gruppen ab.<\/p>\n\n\n\n<p>Wir sind sehr dankbar und offen f\u00fcr interessierte Frauen und M\u00e4nner, die sich hier einbringen wollen. Der monatliche Zeitbedarf bel\u00e4uft sich auf ca. 2 bis 2<sup>1<\/sup>\/<sub>2&nbsp;<\/sub>Stunden. &#8222;Verst\u00e4rkung&#8220; ist jederzeit herzlich willkommen!<\/p>\n\n\n\n<p><strong>Kontakt:<\/strong> Angelika M\u00fcller, Tel.: 09231\/7645<\/p>\n<\/div>\n\n\n\n<div class=\"wp-block-column is-layout-flow wp-block-column-is-layout-flow\" style=\"flex-basis:33.33%\">\n<figure class=\"wp-block-image size-large\"><img loading=\"lazy\" decoding=\"async\" width=\"759\" height=\"1024\" src=\"https:\/\/www.st-josef-marktredwitz.de\/wp-content\/uploads\/2019\/04\/Kirchenschmuck-759x1024.jpg\" alt=\"\" class=\"wp-image-629\" srcset=\"https:\/\/www.st-josef-marktredwitz.de\/wp-content\/uploads\/2019\/04\/Kirchenschmuck-759x1024.jpg 759w, https:\/\/www.st-josef-marktredwitz.de\/wp-content\/uploads\/2019\/04\/Kirchenschmuck-370x500.jpg 370w, https:\/\/www.st-josef-marktredwitz.de\/wp-content\/uploads\/2019\/04\/Kirchenschmuck-768x1037.jpg 768w, https:\/\/www.st-josef-marktredwitz.de\/wp-content\/uploads\/2019\/04\/Kirchenschmuck.jpg 1643w\" sizes=\"auto, (max-width: 759px) 100vw, 759px\" \/><\/figure>\n<\/div>\n<\/div>\n","protected":false},"excerpt":{"rendered":"<p>Organist Wilhelm Heidtmann, wilhelm.heidtmann@web.de Mesner Unser Mesner Christian Kappl ist zust\u00e4ndig f\u00fcr die Sakristei und die Vorbereitung aller Gegenst\u00e4nde, die f\u00fcr die Gottesdienste ben\u00f6tigt werden. Lektoren und Kommunionhelfer Mit ihrem Dienst \u00fcbernehmen die Lektoren und Lektorinnen eine wichtige eigenst\u00e4ndige liturgische Aufgabe im Ablauf der Gottesdienste: Sie verk\u00fcnden das Wort Gottes aus der Heiligen Schrift. Stellvertretend [&hellip;]<\/p>\n","protected":false},"author":1,"featured_media":0,"parent":25,"menu_order":25,"comment_status":"closed","ping_status":"closed","template":"","meta":{"footnotes":""},"class_list":["post-101","page","type-page","status-publish","hentry"],"publishpress_future_action":{"enabled":false,"date":"2026-04-28 13:20:21","action":"change-status","newStatus":"draft","terms":[],"taxonomy":"","extraData":[]},"publishpress_future_workflow_manual_trigger":{"enabledWorkflows":[]},"_links":{"self":[{"href":"https:\/\/www.st-josef-marktredwitz.de\/index.php?rest_route=\/wp\/v2\/pages\/101","targetHints":{"allow":["GET"]}}],"collection":[{"href":"https:\/\/www.st-josef-marktredwitz.de\/index.php?rest_route=\/wp\/v2\/pages"}],"about":[{"href":"https:\/\/www.st-josef-marktredwitz.de\/index.php?rest_route=\/wp\/v2\/types\/page"}],"author":[{"embeddable":true,"href":"https:\/\/www.st-josef-marktredwitz.de\/index.php?rest_route=\/wp\/v2\/users\/1"}],"replies":[{"embeddable":true,"href":"https:\/\/www.st-josef-marktredwitz.de\/index.php?rest_route=%2Fwp%2Fv2%2Fcomments&post=101"}],"version-history":[{"count":12,"href":"https:\/\/www.st-josef-marktredwitz.de\/index.php?rest_route=\/wp\/v2\/pages\/101\/revisions"}],"predecessor-version":[{"id":2883,"href":"https:\/\/www.st-josef-marktredwitz.de\/index.php?rest_route=\/wp\/v2\/pages\/101\/revisions\/2883"}],"up":[{"embeddable":true,"href":"https:\/\/www.st-josef-marktredwitz.de\/index.php?rest_route=\/wp\/v2\/pages\/25"}],"wp:attachment":[{"href":"https:\/\/www.st-josef-marktredwitz.de\/index.php?rest_route=%2Fwp%2Fv2%2Fmedia&parent=101"}],"curies":[{"name":"wp","href":"https:\/\/api.w.org\/{rel}","templated":true}]}}