{"id":191,"date":"2018-11-23T13:56:58","date_gmt":"2018-11-23T13:56:58","guid":{"rendered":"http:\/\/genesis.st-josef-marktredwitz.de\/?page_id=191"},"modified":"2022-11-17T14:05:14","modified_gmt":"2022-11-17T14:05:14","slug":"taufe","status":"publish","type":"page","link":"https:\/\/www.st-josef-marktredwitz.de\/?page_id=191","title":{"rendered":"Taufe"},"content":{"rendered":"\n<div class=\"wp-block-columns is-layout-flex wp-container-core-columns-is-layout-28f84493 wp-block-columns-is-layout-flex\">\n<div class=\"wp-block-column is-layout-flow wp-block-column-is-layout-flow\" style=\"flex-basis:66.66%\">\n<p>Wenn Eltern ihr Kind taufen lassen, dann zeigen sie damit: Alles soll gut anfangen. Unser Kind soll mit Gottes Segen leben und zur Gemeinschaft der Christen dazugeh\u00f6ren. Und Gott selbst sagt &#8222;Ja&#8220; zu den Eltern und zu ihrem Kind.<\/p>\n\n\n\n<h4 class=\"wp-block-heading\">Die Anmeldung zur Taufe<\/h4>\n\n\n\n<p>Ort der Taufe ist die Pfarrgemeinde, in der die Familie ihren Erstwohnsitz hat. Dort soll das Kind in die Gemeinde aufgenommen werden, dort soll es in den Glauben hineinwachsen k\u00f6nnen. Der Anruf beim Pfarrb\u00fcro ist der erste Schritt.<\/p>\n<\/div>\n\n\n\n<div class=\"wp-block-column is-layout-flow wp-block-column-is-layout-flow\" style=\"flex-basis:33.33%\">\n<figure class=\"wp-block-image size-large\"><img loading=\"lazy\" decoding=\"async\" width=\"837\" height=\"1024\" src=\"https:\/\/www.st-josef-marktredwitz.de\/wp-content\/uploads\/2019\/04\/Taufe2-837x1024.jpg\" alt=\"\" class=\"wp-image-652\" srcset=\"https:\/\/www.st-josef-marktredwitz.de\/wp-content\/uploads\/2019\/04\/Taufe2-837x1024.jpg 837w, https:\/\/www.st-josef-marktredwitz.de\/wp-content\/uploads\/2019\/04\/Taufe2-409x500.jpg 409w, https:\/\/www.st-josef-marktredwitz.de\/wp-content\/uploads\/2019\/04\/Taufe2-768x940.jpg 768w, https:\/\/www.st-josef-marktredwitz.de\/wp-content\/uploads\/2019\/04\/Taufe2.jpg 1536w\" sizes=\"auto, (max-width: 837px) 100vw, 837px\" \/><\/figure>\n<\/div>\n<\/div>\n\n\n\n<p>In unserer Pfarrei gibt es (aufgrund der Empfehlung der Deutschen Bischofskonferenz) feste Tauftermine. Diese sind in der Regel jeweils am ersten Sonntag im Monat nach der Heiligen Messe um 10.30 Uhr oder am ersten Samstag im Monat um 14.30 Uhr (au\u00dfer in den Ferienzeiten).<\/p>\n\n\n\n<p>Die Eltern, die sich zuerst anmelden, entscheiden sich f\u00fcr Sonntag oder Samstag. Auch im Rahmen der Heiligen Messe am Sonntag ist die Aufnahme in die gro\u00dfe Gemeinschaft der Gl\u00e4ubigen selbstverst\u00e4ndlich m\u00f6glich. In der \u00d6sterlichen Bu\u00dfzeit, der Fastenzeit, sind keine Taufen m\u00f6glich!<\/p>\n\n\n\n<p>Da es bei einer Taufe um die Aufnahme in die Kirche geht, ist es sinnvoll und feierlicher, wenn immer mehrere Kinder bei einem Tauftermin getauft werden.<\/p>\n\n\n\n<p>Die Anmeldung erfolgt zu den \u00fcblichen B\u00fcrozeiten. Bitte bringen Sie die Geburtsurkunde (f\u00fcr religi\u00f6se Zwecke!) und das Stammbuch der Familie mit \u2013 so erleichtern Sie uns die Arbeit.<\/p>\n\n\n\n<h4 class=\"wp-block-heading\">Die Taufvorbereitung<\/h4>\n\n\n\n<p>In der Woche vor der Taufe kommt der Pfarrer zu einem pers\u00f6nlichen Taufgespr\u00e4ch bei Ihnen zu Hause vorbei. Die Taufvorbereitung gibt den Eltern Raum, von ihren Erfahrungen mit dem Kind zu erz\u00e4hlen, ihre Fragen loszuwerden und Unsicherheiten im Blick auf den Glauben und die Tauffeier abbauen zu k\u00f6nnen.<\/p>\n\n\n\n<p>Teil der Vorbereitung ist auch, dass die Eltern Hilfen erhalten, wie sie den christlichen Glauben mit ihrem Kind leben k\u00f6nnen, wie sie beten k\u00f6nnen, &#8230;<\/p>\n\n\n\n<p>Eine Teilnahme der Paten am Gespr\u00e4ch ist sinnvoll.<\/p>\n\n\n\n<h4 class=\"wp-block-heading\">Die Taufpaten<\/h4>\n\n\n\n<p>Die Paten und Patinnen spielen f\u00fcr den T\u00e4ufling eine gro\u00dfe Rolle. Sie sind es, die neben den Eltern den Glaubensweg des Kindes begleiten sollen. Sie werden ihrem Patenkind ein Leben lang verbunden bleiben, egal, wie ernst sie ihr Amt nehmen.<\/p>\n\n\n\n<p>Gefirmte Mitglieder der katholischen Kirche (\u00fcber 16 Jahre) k\u00f6nnen Paten werden, Mitglieder anderer Konfessionen k\u00f6nnen Taufzeuge sein.<\/p>\n","protected":false},"excerpt":{"rendered":"<p>Wenn Eltern ihr Kind taufen lassen, dann zeigen sie damit: Alles soll gut anfangen. Unser Kind soll mit Gottes Segen leben und zur Gemeinschaft der Christen dazugeh\u00f6ren. Und Gott selbst sagt &#8222;Ja&#8220; zu den Eltern und zu ihrem Kind. Die Anmeldung zur Taufe Ort der Taufe ist die Pfarrgemeinde, in der die Familie ihren Erstwohnsitz [&hellip;]<\/p>\n","protected":false},"author":1,"featured_media":0,"parent":29,"menu_order":10,"comment_status":"closed","ping_status":"closed","template":"","meta":{"footnotes":""},"class_list":["post-191","page","type-page","status-publish","hentry"],"publishpress_future_action":{"enabled":false,"date":"2026-05-18 11:50:11","action":"change-status","newStatus":"draft","terms":[],"taxonomy":"","extraData":[]},"publishpress_future_workflow_manual_trigger":{"enabledWorkflows":[]},"_links":{"self":[{"href":"https:\/\/www.st-josef-marktredwitz.de\/index.php?rest_route=\/wp\/v2\/pages\/191","targetHints":{"allow":["GET"]}}],"collection":[{"href":"https:\/\/www.st-josef-marktredwitz.de\/index.php?rest_route=\/wp\/v2\/pages"}],"about":[{"href":"https:\/\/www.st-josef-marktredwitz.de\/index.php?rest_route=\/wp\/v2\/types\/page"}],"author":[{"embeddable":true,"href":"https:\/\/www.st-josef-marktredwitz.de\/index.php?rest_route=\/wp\/v2\/users\/1"}],"replies":[{"embeddable":true,"href":"https:\/\/www.st-josef-marktredwitz.de\/index.php?rest_route=%2Fwp%2Fv2%2Fcomments&post=191"}],"version-history":[{"count":1,"href":"https:\/\/www.st-josef-marktredwitz.de\/index.php?rest_route=\/wp\/v2\/pages\/191\/revisions"}],"predecessor-version":[{"id":2140,"href":"https:\/\/www.st-josef-marktredwitz.de\/index.php?rest_route=\/wp\/v2\/pages\/191\/revisions\/2140"}],"up":[{"embeddable":true,"href":"https:\/\/www.st-josef-marktredwitz.de\/index.php?rest_route=\/wp\/v2\/pages\/29"}],"wp:attachment":[{"href":"https:\/\/www.st-josef-marktredwitz.de\/index.php?rest_route=%2Fwp%2Fv2%2Fmedia&parent=191"}],"curies":[{"name":"wp","href":"https:\/\/api.w.org\/{rel}","templated":true}]}}