{"id":197,"date":"2018-11-23T13:57:42","date_gmt":"2018-11-23T13:57:42","guid":{"rendered":"http:\/\/genesis.st-josef-marktredwitz.de\/?page_id=197"},"modified":"2022-11-17T14:08:47","modified_gmt":"2022-11-17T14:08:47","slug":"feier-der-versoehnung-beichte","status":"publish","type":"page","link":"https:\/\/www.st-josef-marktredwitz.de\/?page_id=197","title":{"rendered":"Feier der Vers\u00f6hnung &#8211; Beichte"},"content":{"rendered":"\n<div class=\"wp-block-columns is-layout-flex wp-container-core-columns-is-layout-28f84493 wp-block-columns-is-layout-flex\">\n<div class=\"wp-block-column is-layout-flow wp-block-column-is-layout-flow\" style=\"flex-basis:66.66%\">\n<p>Jeder Mensch ist schuldig und macht Fehler. Wir haben durch Christus erfahren, dass Gott, der barmherzige Vater, verzeiht, wenn wir ihn darum bitten.<\/p>\n\n\n\n<p>So sind wir eingeladen, mindestens einmal im Jahr im Sakrament der Vers\u00f6hnung Gott um seine Vergebung zu bitten.<\/p>\n\n\n\n<p>Die M\u00f6glichkeiten f\u00fcr die Feier der Vers\u00f6hnung entnehmen Sie bitte jeweils dem aktuellen Pfarrbrief.\u00a0Sie k\u00f6nnen auch jederzeit einen Termin f\u00fcr ein Beichtgespr\u00e4ch vereinbaren!<\/p>\n<\/div>\n\n\n\n<div class=\"wp-block-column is-layout-flow wp-block-column-is-layout-flow\" style=\"flex-basis:33.33%\">\n<figure class=\"wp-block-image size-full\"><img loading=\"lazy\" decoding=\"async\" width=\"532\" height=\"636\" src=\"https:\/\/www.st-josef-marktredwitz.de\/wp-content\/uploads\/2019\/04\/Beichte-e1555688878525.jpg\" alt=\"\" class=\"wp-image-654\" srcset=\"https:\/\/www.st-josef-marktredwitz.de\/wp-content\/uploads\/2019\/04\/Beichte-e1555688878525.jpg 532w, https:\/\/www.st-josef-marktredwitz.de\/wp-content\/uploads\/2019\/04\/Beichte-e1555688878525-418x500.jpg 418w\" sizes=\"auto, (max-width: 532px) 100vw, 532px\" \/><\/figure>\n<\/div>\n<\/div>\n","protected":false},"excerpt":{"rendered":"<p>Jeder Mensch ist schuldig und macht Fehler. Wir haben durch Christus erfahren, dass Gott, der barmherzige Vater, verzeiht, wenn wir ihn darum bitten. So sind wir eingeladen, mindestens einmal im Jahr im Sakrament der Vers\u00f6hnung Gott um seine Vergebung zu bitten. Die M\u00f6glichkeiten f\u00fcr die Feier der Vers\u00f6hnung entnehmen Sie bitte jeweils dem aktuellen Pfarrbrief.\u00a0Sie [&hellip;]<\/p>\n","protected":false},"author":1,"featured_media":0,"parent":29,"menu_order":20,"comment_status":"closed","ping_status":"closed","template":"","meta":{"footnotes":""},"class_list":["post-197","page","type-page","status-publish","hentry"],"publishpress_future_action":{"enabled":false,"date":"2026-05-21 11:32:47","action":"change-status","newStatus":"draft","terms":[],"taxonomy":"","extraData":[]},"publishpress_future_workflow_manual_trigger":{"enabledWorkflows":[]},"_links":{"self":[{"href":"https:\/\/www.st-josef-marktredwitz.de\/index.php?rest_route=\/wp\/v2\/pages\/197","targetHints":{"allow":["GET"]}}],"collection":[{"href":"https:\/\/www.st-josef-marktredwitz.de\/index.php?rest_route=\/wp\/v2\/pages"}],"about":[{"href":"https:\/\/www.st-josef-marktredwitz.de\/index.php?rest_route=\/wp\/v2\/types\/page"}],"author":[{"embeddable":true,"href":"https:\/\/www.st-josef-marktredwitz.de\/index.php?rest_route=\/wp\/v2\/users\/1"}],"replies":[{"embeddable":true,"href":"https:\/\/www.st-josef-marktredwitz.de\/index.php?rest_route=%2Fwp%2Fv2%2Fcomments&post=197"}],"version-history":[{"count":1,"href":"https:\/\/www.st-josef-marktredwitz.de\/index.php?rest_route=\/wp\/v2\/pages\/197\/revisions"}],"predecessor-version":[{"id":2144,"href":"https:\/\/www.st-josef-marktredwitz.de\/index.php?rest_route=\/wp\/v2\/pages\/197\/revisions\/2144"}],"up":[{"embeddable":true,"href":"https:\/\/www.st-josef-marktredwitz.de\/index.php?rest_route=\/wp\/v2\/pages\/29"}],"wp:attachment":[{"href":"https:\/\/www.st-josef-marktredwitz.de\/index.php?rest_route=%2Fwp%2Fv2%2Fmedia&parent=197"}],"curies":[{"name":"wp","href":"https:\/\/api.w.org\/{rel}","templated":true}]}}