{"id":199,"date":"2018-11-23T13:57:53","date_gmt":"2018-11-23T13:57:53","guid":{"rendered":"http:\/\/genesis.st-josef-marktredwitz.de\/?page_id=199"},"modified":"2022-11-17T14:09:21","modified_gmt":"2022-11-17T14:09:21","slug":"ehe","status":"publish","type":"page","link":"https:\/\/www.st-josef-marktredwitz.de\/?page_id=199","title":{"rendered":"Ehe"},"content":{"rendered":"\n<p>Wenn zwei Menschen sich lieben und ihren Weg gemeinsam gehen wollen, ist das etwas Sch\u00f6nes.&nbsp;Darum freuen wir uns, wenn Sie sich&nbsp;dazu&nbsp;entscheiden, diesen Weg mit Gottes Segen zu gehen.<\/p>\n\n\n\n<p>Nehmen Sie rechtzeitig, und vor allen anderen Planungen (Gasthaus, Musik,&nbsp;o. \u00e4.), Kontakt mit dem Pfarrer bzw. dem Pfarrb\u00fcro auf. Erkundigen Sie sich, ob der gew\u00fcnschte&nbsp;Termin m\u00f6glich ist!<\/p>\n\n\n\n<p>Bringen Sie zum ersten Gespr\u00e4ch bitte einen Taufschein mit,&nbsp;der nicht \u00e4lter als drei Monate ist&nbsp;(erh\u00e4ltlich beim Taufpfarramt).<\/p>\n\n\n\n<p>Zur Vorbereitung auf die Ehe m\u00fcsssen Sie in der Di\u00f6zese Regensburg einen Ehevorbereitungskurs besuchen.&nbsp;Informationen dar\u00fcber sowie&nbsp;Termine und Orte erhalten Sie im Pfarrb\u00fcro.<\/p>\n","protected":false},"excerpt":{"rendered":"<p>Wenn zwei Menschen sich lieben und ihren Weg gemeinsam gehen wollen, ist das etwas Sch\u00f6nes.&nbsp;Darum freuen wir uns, wenn Sie sich&nbsp;dazu&nbsp;entscheiden, diesen Weg mit Gottes Segen zu gehen. Nehmen Sie rechtzeitig, und vor allen anderen Planungen (Gasthaus, Musik,&nbsp;o. \u00e4.), Kontakt mit dem Pfarrer bzw. dem Pfarrb\u00fcro auf. Erkundigen Sie sich, ob der gew\u00fcnschte&nbsp;Termin m\u00f6glich ist! [&hellip;]<\/p>\n","protected":false},"author":1,"featured_media":0,"parent":29,"menu_order":21,"comment_status":"closed","ping_status":"closed","template":"","meta":{"footnotes":""},"class_list":["post-199","page","type-page","status-publish","hentry"],"publishpress_future_action":{"enabled":false,"date":"2026-04-28 13:16:47","action":"change-status","newStatus":"draft","terms":[],"taxonomy":"","extraData":[]},"publishpress_future_workflow_manual_trigger":{"enabledWorkflows":[]},"_links":{"self":[{"href":"https:\/\/www.st-josef-marktredwitz.de\/index.php?rest_route=\/wp\/v2\/pages\/199","targetHints":{"allow":["GET"]}}],"collection":[{"href":"https:\/\/www.st-josef-marktredwitz.de\/index.php?rest_route=\/wp\/v2\/pages"}],"about":[{"href":"https:\/\/www.st-josef-marktredwitz.de\/index.php?rest_route=\/wp\/v2\/types\/page"}],"author":[{"embeddable":true,"href":"https:\/\/www.st-josef-marktredwitz.de\/index.php?rest_route=\/wp\/v2\/users\/1"}],"replies":[{"embeddable":true,"href":"https:\/\/www.st-josef-marktredwitz.de\/index.php?rest_route=%2Fwp%2Fv2%2Fcomments&post=199"}],"version-history":[{"count":1,"href":"https:\/\/www.st-josef-marktredwitz.de\/index.php?rest_route=\/wp\/v2\/pages\/199\/revisions"}],"predecessor-version":[{"id":2145,"href":"https:\/\/www.st-josef-marktredwitz.de\/index.php?rest_route=\/wp\/v2\/pages\/199\/revisions\/2145"}],"up":[{"embeddable":true,"href":"https:\/\/www.st-josef-marktredwitz.de\/index.php?rest_route=\/wp\/v2\/pages\/29"}],"wp:attachment":[{"href":"https:\/\/www.st-josef-marktredwitz.de\/index.php?rest_route=%2Fwp%2Fv2%2Fmedia&parent=199"}],"curies":[{"name":"wp","href":"https:\/\/api.w.org\/{rel}","templated":true}]}}