{"id":201,"date":"2018-11-23T13:58:06","date_gmt":"2018-11-23T13:58:06","guid":{"rendered":"http:\/\/genesis.st-josef-marktredwitz.de\/?page_id=201"},"modified":"2022-11-17T14:11:58","modified_gmt":"2022-11-17T14:11:58","slug":"krankensalbung","status":"publish","type":"page","link":"https:\/\/www.st-josef-marktredwitz.de\/?page_id=201","title":{"rendered":"Krankensalbung"},"content":{"rendered":"\n<div class=\"wp-block-columns is-layout-flex wp-container-core-columns-is-layout-28f84493 wp-block-columns-is-layout-flex\">\n<div class=\"wp-block-column is-layout-flow wp-block-column-is-layout-flow\" style=\"flex-basis:66.66%\">\n<p>Krankheit und Leid sind f\u00fcr uns Menschen immer wieder etwas Schweres. Darum d\u00fcrfen wir in diesem Sakrament Gottes Beistand und Trost erfahren. Die Krankensalbung sagt uns Gottes Kraft zu und l\u00e4dt uns ein, nach vorne zu blicken und mit Gottes Hilfe bald wieder gesund zu werden.<\/p>\n\n\n\n<p>Bitte k\u00fcmmern Sie sich&nbsp;bei Bedarf&nbsp;rechtzeitig darum, ob&nbsp;ein Angeh\u00f6riger die Krankensalbung empfangen m\u00f6chte. Ein Anruf kurz vor dem letzten Atemzug widerspricht dem Inhalt und dem Sinn dieses Sakramentes.<\/p>\n\n\n\n<p>Im deutenden Wort&nbsp;hei\u00dft es:<\/p>\n\n\n\n<p class=\"has-text-align-center\"><span style=\"color: #800000;\">&#8222;Durch diese heilige Salbung helfe dir der Herr<br>in seinem reichen Erbarmen.<br>Er stehe dir bei mit der Kraft des Heiligen Geistes.<br>Der Herr, der dich von S\u00fcnden befreit, rette dich;<br>in seiner Gnade richte er dich wieder auf!&#8220;<\/span><\/p>\n<\/div>\n\n\n\n<div class=\"wp-block-column is-layout-flow wp-block-column-is-layout-flow\" style=\"flex-basis:33.33%\">\n<figure class=\"wp-block-image size-large\"><img loading=\"lazy\" decoding=\"async\" width=\"791\" height=\"1024\" src=\"https:\/\/www.st-josef-marktredwitz.de\/wp-content\/uploads\/2019\/04\/Krankensalbung-791x1024.jpg\" alt=\"\" class=\"wp-image-695\" srcset=\"https:\/\/www.st-josef-marktredwitz.de\/wp-content\/uploads\/2019\/04\/Krankensalbung-791x1024.jpg 791w, https:\/\/www.st-josef-marktredwitz.de\/wp-content\/uploads\/2019\/04\/Krankensalbung-386x500.jpg 386w, https:\/\/www.st-josef-marktredwitz.de\/wp-content\/uploads\/2019\/04\/Krankensalbung-768x995.jpg 768w, https:\/\/www.st-josef-marktredwitz.de\/wp-content\/uploads\/2019\/04\/Krankensalbung.jpg 1434w\" sizes=\"auto, (max-width: 791px) 100vw, 791px\" \/><\/figure>\n<\/div>\n<\/div>\n\n\n\n<p>Im Herbst laden wir j\u00e4hrlich all diejenigen, die eine schwere Krankheit zu tragen haben oder die von der Last des Alters niedergedr\u00fcckt werden, zu einem Krankensalbungsgottesdienst ein.\u00a0Wer dazu einen Fahrdienst ben\u00f6tigt, kann sich im <a href=\"https:\/\/www.st-josef-marktredwitz.de\/?page_id=56\">Pfarrb\u00fcro<\/a> oder in der <a href=\"https:\/\/www.st-josef-marktredwitz.de\/?page_id=519\">Caritas-Sozialstation<\/a> melden.<\/p>\n","protected":false},"excerpt":{"rendered":"<p>Krankheit und Leid sind f\u00fcr uns Menschen immer wieder etwas Schweres. Darum d\u00fcrfen wir in diesem Sakrament Gottes Beistand und Trost erfahren. Die Krankensalbung sagt uns Gottes Kraft zu und l\u00e4dt uns ein, nach vorne zu blicken und mit Gottes Hilfe bald wieder gesund zu werden. Bitte k\u00fcmmern Sie sich&nbsp;bei Bedarf&nbsp;rechtzeitig darum, ob&nbsp;ein Angeh\u00f6riger die [&hellip;]<\/p>\n","protected":false},"author":1,"featured_media":0,"parent":29,"menu_order":25,"comment_status":"closed","ping_status":"closed","template":"","meta":{"footnotes":""},"class_list":["post-201","page","type-page","status-publish","hentry"],"publishpress_future_action":{"enabled":false,"date":"2026-04-28 11:53:35","action":"change-status","newStatus":"draft","terms":[],"taxonomy":"","extraData":[]},"publishpress_future_workflow_manual_trigger":{"enabledWorkflows":[]},"_links":{"self":[{"href":"https:\/\/www.st-josef-marktredwitz.de\/index.php?rest_route=\/wp\/v2\/pages\/201","targetHints":{"allow":["GET"]}}],"collection":[{"href":"https:\/\/www.st-josef-marktredwitz.de\/index.php?rest_route=\/wp\/v2\/pages"}],"about":[{"href":"https:\/\/www.st-josef-marktredwitz.de\/index.php?rest_route=\/wp\/v2\/types\/page"}],"author":[{"embeddable":true,"href":"https:\/\/www.st-josef-marktredwitz.de\/index.php?rest_route=\/wp\/v2\/users\/1"}],"replies":[{"embeddable":true,"href":"https:\/\/www.st-josef-marktredwitz.de\/index.php?rest_route=%2Fwp%2Fv2%2Fcomments&post=201"}],"version-history":[{"count":1,"href":"https:\/\/www.st-josef-marktredwitz.de\/index.php?rest_route=\/wp\/v2\/pages\/201\/revisions"}],"predecessor-version":[{"id":2148,"href":"https:\/\/www.st-josef-marktredwitz.de\/index.php?rest_route=\/wp\/v2\/pages\/201\/revisions\/2148"}],"up":[{"embeddable":true,"href":"https:\/\/www.st-josef-marktredwitz.de\/index.php?rest_route=\/wp\/v2\/pages\/29"}],"wp:attachment":[{"href":"https:\/\/www.st-josef-marktredwitz.de\/index.php?rest_route=%2Fwp%2Fv2%2Fmedia&parent=201"}],"curies":[{"name":"wp","href":"https:\/\/api.w.org\/{rel}","templated":true}]}}