{"id":205,"date":"2018-11-23T13:58:43","date_gmt":"2018-11-23T13:58:43","guid":{"rendered":"http:\/\/genesis.st-josef-marktredwitz.de\/?page_id=205"},"modified":"2022-11-17T14:13:49","modified_gmt":"2022-11-17T14:13:49","slug":"kirchgeld","status":"publish","type":"page","link":"https:\/\/www.st-josef-marktredwitz.de\/?page_id=205","title":{"rendered":"Kirchgeld"},"content":{"rendered":"\n<p>Um die unterschiedlichen Aufgaben&nbsp;in unserer Pfarrei finanzieren zu k\u00f6nnen, sind wir \u2013 neben einer Vielzahl unterschiedlichster Unterst\u00fctzung \u2013&nbsp;auf das j\u00e4hrliche&nbsp;Kirchgeld angewiesen.<\/p>\n\n\n\n<p>Nach dem Kirchensteuergesetz aus dem Jahr 1954 kommt das Kirchgeld&nbsp;\u2013 im&nbsp;Unterschied zur Kirchensteuer \u2013 in voller H\u00f6he unserer Pfarrei zugute.&nbsp;1954 wurde ein Betrag von 3,\u2013 DM pro Jahr festgesetzt.<\/p>\n\n\n\n<p>Inzwischen hat sich meist das Einkommen erh\u00f6ht, die Ausgaben steigen aber leider auch immer mehr.&nbsp; Sollten Sie eigenes Einkommen haben, bitten wir Sie darum, Ihre finanziellen M\u00f6glichkeiten selbst einzusch\u00e4tzen und der Katholischen Kirchenstiftung St. Josef einen wohlwollenden Betrag zukommen zu lassen. Da wir Ihre finanzielle Situation zu wenig kennen und Sie vielleicht mehrere Kinder zu versorgen haben, informieren Sie sich bitte, ob Sie unter Umst\u00e4nden vom Kirchgeld befreit sind.<\/p>\n\n\n\n<p>Wenn sie das Kirchgeld zahlen k\u00f6nnen, \u00fcberweisen Sie Ihren Betrag &nbsp;bitte an die folgende Bankverbindung (Kontoauszug zugleich Spendenquittung) oder geben Sie ihn in einem Umschlag im Pfarrb\u00fcro oder bei der Sammlung w\u00e4hrend der Hl. Messe am Sonntag in St. Josef ab. Sollten Sie eine Spendenquittung ben\u00f6tigen, geben Sie uns bitte Bescheid. Diese geht Ihnen dann umgehend zu.<\/p>\n\n\n\n<p>Im Namen der Kirchenverwaltung ein ganz herzliches &#8222;Vergelt&#8217;s Gott&#8220; f\u00fcr Ihre Unterst\u00fctzung!<\/p>\n\n\n\n<p><strong>Bankverbindung f\u00fcr das Kirchgeld<\/strong><\/p>\n\n\n\n<ul class=\"wp-block-list\">\n<li>IBAN: DE97 7805 0000 0222 0627 88<\/li>\n\n\n\n<li>BIC: BYLADEM1HOF<\/li>\n\n\n\n<li>Kto.-Nr.: 222062788<\/li>\n\n\n\n<li>BLZ: 780 500 00<\/li>\n<\/ul>\n","protected":false},"excerpt":{"rendered":"<p>Um die unterschiedlichen Aufgaben&nbsp;in unserer Pfarrei finanzieren zu k\u00f6nnen, sind wir \u2013 neben einer Vielzahl unterschiedlichster Unterst\u00fctzung \u2013&nbsp;auf das j\u00e4hrliche&nbsp;Kirchgeld angewiesen. Nach dem Kirchensteuergesetz aus dem Jahr 1954 kommt das Kirchgeld&nbsp;\u2013 im&nbsp;Unterschied zur Kirchensteuer \u2013 in voller H\u00f6he unserer Pfarrei zugute.&nbsp;1954 wurde ein Betrag von 3,\u2013 DM pro Jahr festgesetzt. Inzwischen hat sich meist das [&hellip;]<\/p>\n","protected":false},"author":1,"featured_media":0,"parent":29,"menu_order":50,"comment_status":"closed","ping_status":"closed","template":"","meta":{"footnotes":""},"class_list":["post-205","page","type-page","status-publish","hentry"],"publishpress_future_action":{"enabled":false,"date":"2026-04-22 11:21:51","action":"change-status","newStatus":"draft","terms":[],"taxonomy":"","extraData":[]},"publishpress_future_workflow_manual_trigger":{"enabledWorkflows":[]},"_links":{"self":[{"href":"https:\/\/www.st-josef-marktredwitz.de\/index.php?rest_route=\/wp\/v2\/pages\/205","targetHints":{"allow":["GET"]}}],"collection":[{"href":"https:\/\/www.st-josef-marktredwitz.de\/index.php?rest_route=\/wp\/v2\/pages"}],"about":[{"href":"https:\/\/www.st-josef-marktredwitz.de\/index.php?rest_route=\/wp\/v2\/types\/page"}],"author":[{"embeddable":true,"href":"https:\/\/www.st-josef-marktredwitz.de\/index.php?rest_route=\/wp\/v2\/users\/1"}],"replies":[{"embeddable":true,"href":"https:\/\/www.st-josef-marktredwitz.de\/index.php?rest_route=%2Fwp%2Fv2%2Fcomments&post=205"}],"version-history":[{"count":1,"href":"https:\/\/www.st-josef-marktredwitz.de\/index.php?rest_route=\/wp\/v2\/pages\/205\/revisions"}],"predecessor-version":[{"id":2151,"href":"https:\/\/www.st-josef-marktredwitz.de\/index.php?rest_route=\/wp\/v2\/pages\/205\/revisions\/2151"}],"up":[{"embeddable":true,"href":"https:\/\/www.st-josef-marktredwitz.de\/index.php?rest_route=\/wp\/v2\/pages\/29"}],"wp:attachment":[{"href":"https:\/\/www.st-josef-marktredwitz.de\/index.php?rest_route=%2Fwp%2Fv2%2Fmedia&parent=205"}],"curies":[{"name":"wp","href":"https:\/\/api.w.org\/{rel}","templated":true}]}}