{"id":451,"date":"2019-04-11T13:18:17","date_gmt":"2019-04-11T13:18:17","guid":{"rendered":"http:\/\/genesis.st-josef-marktredwitz.de\/?page_id=451"},"modified":"2022-11-17T14:10:18","modified_gmt":"2022-11-17T14:10:18","slug":"krankenkommunion-pfarrleben","status":"publish","type":"page","link":"https:\/\/www.st-josef-marktredwitz.de\/?page_id=451","title":{"rendered":"Krankenkommunion"},"content":{"rendered":"\n<div class=\"wp-block-columns is-layout-flex wp-container-core-columns-is-layout-28f84493 wp-block-columns-is-layout-flex\">\n<div class=\"wp-block-column is-layout-flow wp-block-column-is-layout-flow\" style=\"flex-basis:33.33%\">\n<figure class=\"wp-block-image size-large\"><img loading=\"lazy\" decoding=\"async\" width=\"1024\" height=\"768\" src=\"https:\/\/www.st-josef-marktredwitz.de\/wp-content\/uploads\/2019\/04\/Utensilien_Krankenkommunion-1024x768.jpg\" alt=\"\" class=\"wp-image-664\" srcset=\"https:\/\/www.st-josef-marktredwitz.de\/wp-content\/uploads\/2019\/04\/Utensilien_Krankenkommunion-1024x768.jpg 1024w, https:\/\/www.st-josef-marktredwitz.de\/wp-content\/uploads\/2019\/04\/Utensilien_Krankenkommunion-500x375.jpg 500w, https:\/\/www.st-josef-marktredwitz.de\/wp-content\/uploads\/2019\/04\/Utensilien_Krankenkommunion-768x576.jpg 768w\" sizes=\"auto, (max-width: 1024px) 100vw, 1024px\" \/><\/figure>\n<\/div>\n\n\n\n<div class=\"wp-block-column is-layout-flow wp-block-column-is-layout-flow\" style=\"flex-basis:66.66%\">\n<p>F\u00fcr die Pfarrangeh\u00f6rigen, die nicht oder nicht mehr zum Gottesdienst kommen k\u00f6nnen, besteht die M\u00f6glichkeit zur Krankenkommunion.<\/p>\n\n\n\n<p>Der Pfarrer oder die Gemeindereferentin kommen gerne&nbsp;zu Ihnen nach Hause.<\/p>\n\n\n\n<p>Bitte wenden Sie sich bei Bedarf direkt an das&nbsp;<a href=\"https:\/\/www.st-josef-marktredwitz.de\/?page_id=56\">Pfarrb\u00fcro.<\/a><\/p>\n<\/div>\n<\/div>\n\n\n\n<p><\/p>\n","protected":false},"excerpt":{"rendered":"<p>F\u00fcr die Pfarrangeh\u00f6rigen, die nicht oder nicht mehr zum Gottesdienst kommen k\u00f6nnen, besteht die M\u00f6glichkeit zur Krankenkommunion. Der Pfarrer oder die Gemeindereferentin kommen gerne&nbsp;zu Ihnen nach Hause. Bitte wenden Sie sich bei Bedarf direkt an das&nbsp;Pfarrb\u00fcro.<\/p>\n","protected":false},"author":1,"featured_media":0,"parent":29,"menu_order":24,"comment_status":"closed","ping_status":"closed","template":"","meta":{"footnotes":""},"class_list":["post-451","page","type-page","status-publish","hentry"],"publishpress_future_action":{"enabled":false,"date":"2026-04-28 11:55:58","action":"change-status","newStatus":"draft","terms":[],"taxonomy":"","extraData":[]},"publishpress_future_workflow_manual_trigger":{"enabledWorkflows":[]},"_links":{"self":[{"href":"https:\/\/www.st-josef-marktredwitz.de\/index.php?rest_route=\/wp\/v2\/pages\/451","targetHints":{"allow":["GET"]}}],"collection":[{"href":"https:\/\/www.st-josef-marktredwitz.de\/index.php?rest_route=\/wp\/v2\/pages"}],"about":[{"href":"https:\/\/www.st-josef-marktredwitz.de\/index.php?rest_route=\/wp\/v2\/types\/page"}],"author":[{"embeddable":true,"href":"https:\/\/www.st-josef-marktredwitz.de\/index.php?rest_route=\/wp\/v2\/users\/1"}],"replies":[{"embeddable":true,"href":"https:\/\/www.st-josef-marktredwitz.de\/index.php?rest_route=%2Fwp%2Fv2%2Fcomments&post=451"}],"version-history":[{"count":1,"href":"https:\/\/www.st-josef-marktredwitz.de\/index.php?rest_route=\/wp\/v2\/pages\/451\/revisions"}],"predecessor-version":[{"id":2146,"href":"https:\/\/www.st-josef-marktredwitz.de\/index.php?rest_route=\/wp\/v2\/pages\/451\/revisions\/2146"}],"up":[{"embeddable":true,"href":"https:\/\/www.st-josef-marktredwitz.de\/index.php?rest_route=\/wp\/v2\/pages\/29"}],"wp:attachment":[{"href":"https:\/\/www.st-josef-marktredwitz.de\/index.php?rest_route=%2Fwp%2Fv2%2Fmedia&parent=451"}],"curies":[{"name":"wp","href":"https:\/\/api.w.org\/{rel}","templated":true}]}}