{"id":506,"date":"2019-04-17T18:33:11","date_gmt":"2019-04-17T18:33:11","guid":{"rendered":"http:\/\/genesis.st-josef-marktredwitz.de\/?page_id=506"},"modified":"2025-07-15T19:41:00","modified_gmt":"2025-07-15T19:41:00","slug":"verbaende","status":"publish","type":"page","link":"https:\/\/www.st-josef-marktredwitz.de\/?page_id=506","title":{"rendered":"Verb\u00e4nde"},"content":{"rendered":"\n<h4 class=\"wp-block-heading\"><strong>Deutsche Pfadfinderschaft Sankt Georg (DPSG)- Stamm Marktredwitz<\/strong><\/h4>\n\n\n\n<div class=\"wp-block-columns is-layout-flex wp-container-core-columns-is-layout-28f84493 wp-block-columns-is-layout-flex\">\n<div class=\"wp-block-column is-layout-flow wp-block-column-is-layout-flow\">\n<p>Pfadfinden ist eine Methode zur Selbsterziehung \u2013 und macht unglaublich viel Spa\u00df!<\/p>\n\n\n\n<p>Die DPSG als einer der gr\u00f6\u00dften deutschen Kinder- und Jugendverb\u00e4nde bietet ganz viele Abenteuer:<\/p>\n\n\n\n<ul class=\"wp-block-list\">\n<li>mit Freundinnen und Freunden Spa\u00df haben,<\/li>\n\n\n\n<li>in der Natur unterwegs sein,<\/li>\n\n\n\n<li>Neues entdecken und ausprobieren,<\/li>\n\n\n\n<li>gemeinsam in der Gruppe das eigene Umfeld gestalten.<\/li>\n<\/ul>\n\n\n\n<p>\u201eWagt es!\u201c \u2026 und schnuppert einfach in einer unserer altersspezifischen Gruppen.<\/p>\n\n\n\n<p><a href=\"http:\/\/www.dpsg-marktredwitz.de\">www.dpsg-marktredwitz.de<\/a><\/p>\n<\/div>\n\n\n\n<div class=\"wp-block-column is-layout-flow wp-block-column-is-layout-flow\">\n<figure class=\"wp-block-image size-large\"><img loading=\"lazy\" decoding=\"async\" width=\"1024\" height=\"768\" src=\"https:\/\/www.st-josef-marktredwitz.de\/wp-content\/uploads\/2019\/04\/Pfadfinder-1024x768.jpg\" alt=\"\" class=\"wp-image-616\" srcset=\"https:\/\/www.st-josef-marktredwitz.de\/wp-content\/uploads\/2019\/04\/Pfadfinder-1024x768.jpg 1024w, https:\/\/www.st-josef-marktredwitz.de\/wp-content\/uploads\/2019\/04\/Pfadfinder-500x375.jpg 500w, https:\/\/www.st-josef-marktredwitz.de\/wp-content\/uploads\/2019\/04\/Pfadfinder-768x576.jpg 768w, https:\/\/www.st-josef-marktredwitz.de\/wp-content\/uploads\/2019\/04\/Pfadfinder.jpg 1600w\" sizes=\"auto, (max-width: 1024px) 100vw, 1024px\" \/><\/figure>\n<\/div>\n<\/div>\n\n\n\n<p><strong>Kontakt:<\/strong> Tim Burger (Vorsitzender), <a href=\"mailto:tim.burger@dpsg-marktredwitz.de\">tim.burger@dpsg-marktredwitz.de<\/a>,&nbsp;Tel: 01 62 \/ 16 18 076<\/p>\n\n\n\n<h4 class=\"wp-block-heading\">Katholische Arbeitnehmerbewegung (KAB)<\/h4>\n\n\n\n<p>Die Katholische Arbeitnehmerbewegung (= KAB) besteht schon seit \u00fcber 150 Jahren und geht auf den damaligen Einsatz von Bischof Emanuel Ketteler zur\u00fcck.&nbsp;Bei uns steht der Mensch und&nbsp;(s)ein menschenw\u00fcrdiges Leben in sozialer Gerechtigkeit im Mittelpunkt; aus diesem Grund ist auch unsere Seniorenarbeit sehr vielf\u00e4ltig.<\/p>\n\n\n\n<p>Unsere Arbeit, die vom Glauben und sozialem Engagement gepr\u00e4gt ist, verrichten wir nach dem Motto: &#8222;Sehen-Urteilen-Handeln&#8220;, Grundlage dabei ist die katholische Soziallehre.<\/p>\n\n\n\n<p>Organisatorisch ist die KAB im KAB-Di\u00f6zesanverband Regensburg und im<br>KAB-Bundesverband zusammengefasst.&nbsp;Informationen auch unter&nbsp;<a href=\"http:\/\/www.kab-regensburg.de\/\">www.kab-regensburg.de<\/a>.<\/p>\n\n\n\n<p><strong>Unsere Termine:<\/strong><\/p>\n\n\n\n<p>Die KAB bietet eine Arbeits- und sozialrechtliche Beratung und gerichtliche Vertretung durch unsere Rechtsstelle von Herrn Josef Wismet, Regensburg, an. Sie erhalten Auskunft bei Fragen zur gesetzlichen Pflege-, Renten- und Unfallversicherung sowie zur Vorsorgevollmacht und Patientenverf\u00fcgung.<br>In der Region finden regelm\u00e4\u00dfig Sprechtage statt.<\/p>\n\n\n\n<ul class=\"wp-block-list\">\n<li>Auskunft Regensburg, Tel.-Nr.: 0941\/5972-288<\/li>\n\n\n\n<li>Auskunft Weiden,&nbsp;Tel.-Nr.: 0961\/33161<\/li>\n<\/ul>\n\n\n\n<p>Weitere Angebote: Seniorentanz, Spiele-Nachtmittage und Ged\u00e4chtnistraining.<\/p>\n\n\n\n<p>N\u00e4here Informationen hierzu bei Frau Ursula Winter.<\/p>\n\n\n\n<p><strong>Kontakt:<\/strong><\/p>\n\n\n\n<ul class=\"wp-block-list\">\n<li>Pfarrer Stefan Langer (Pr\u00e4ses), <a href=\"mailto:stefan.langer@bistum-regensburg.de\">stefan.langer@bistum-regensburg.de<\/a>,&nbsp;Tel.: 09231\/965220<\/li>\n\n\n\n<li>Ursula Winter, <a href=\"mailto:winter-ulla@t-online.de\">winter-ulla@t-online.de<\/a>, Tel.: 09231\/81421<\/li>\n\n\n\n<li>Anni Schnell, Tel.: 09231\/1298<\/li>\n<\/ul>\n\n\n\n<h4 class=\"wp-block-heading\"><strong>Kolpingsfamilie Marktredwitz<\/strong><\/h4>\n\n\n\n<p>Die Kolpingsfamilie Marktredwitz ist bereits seit 1906 Teil des Internationalen Kolping-werkes und auch des Kolpingwerkes Deutschland als einer der gr\u00f6\u00dften katholischen Sozialverb\u00e4nde.<\/p>\n\n\n\n<p>Unsere Arbeit basiert auf den Ideen des Sozialreformers und Priesters Adolph Kolping.<\/p>\n\n\n\n<p>Die Schwerpunkte des Handelns lassen sich in f\u00fcnf gro\u00dfen Themenbereichen \u201eJunge Menschen\u201c, \u201eArbeitswelt\u201c, \u201eFamilie\u201c, \u201eEine Welt\u201c und \u201eGlaube\u201c einteilen.<\/p>\n\n\n\n<p>Wir w\u00fcrden uns sehr freuen, Sie bei einer unserer n\u00e4chsten Bildungsveranstaltungen als G\u00e4ste begr\u00fc\u00dfen zu d\u00fcrfen.<\/p>\n\n\n\n<p><a href=\"http:\/\/www.kolping-marktredwitz.de\">www.kolping-marktredwitz.de<\/a><\/p>\n\n\n\n<p><strong>Kontakt:&nbsp;<\/strong>Tim Burger (Vorsitzender), <a href=\"mailto:Kolping-Marktredwitz@mail.de\">Kolping-Marktredwitz@mail.de<\/a>,&nbsp;Tel: 0 92 31 \/ 98 58 33<\/p>\n","protected":false},"excerpt":{"rendered":"<p>Deutsche Pfadfinderschaft Sankt Georg (DPSG)- Stamm Marktredwitz Pfadfinden ist eine Methode zur Selbsterziehung \u2013 und macht unglaublich viel Spa\u00df! Die DPSG als einer der gr\u00f6\u00dften deutschen Kinder- und Jugendverb\u00e4nde bietet ganz viele Abenteuer: \u201eWagt es!\u201c \u2026 und schnuppert einfach in einer unserer altersspezifischen Gruppen. www.dpsg-marktredwitz.de Kontakt: Tim Burger (Vorsitzender), tim.burger@dpsg-marktredwitz.de,&nbsp;Tel: 01 62 \/ 16 18 [&hellip;]<\/p>\n","protected":false},"author":1,"featured_media":0,"parent":27,"menu_order":20,"comment_status":"closed","ping_status":"closed","template":"","meta":{"footnotes":""},"class_list":["post-506","page","type-page","status-publish","hentry"],"publishpress_future_action":{"enabled":false,"date":"2026-05-13 10:31:12","action":"change-status","newStatus":"draft","terms":[],"taxonomy":"","extraData":[]},"publishpress_future_workflow_manual_trigger":{"enabledWorkflows":[]},"_links":{"self":[{"href":"https:\/\/www.st-josef-marktredwitz.de\/index.php?rest_route=\/wp\/v2\/pages\/506","targetHints":{"allow":["GET"]}}],"collection":[{"href":"https:\/\/www.st-josef-marktredwitz.de\/index.php?rest_route=\/wp\/v2\/pages"}],"about":[{"href":"https:\/\/www.st-josef-marktredwitz.de\/index.php?rest_route=\/wp\/v2\/types\/page"}],"author":[{"embeddable":true,"href":"https:\/\/www.st-josef-marktredwitz.de\/index.php?rest_route=\/wp\/v2\/users\/1"}],"replies":[{"embeddable":true,"href":"https:\/\/www.st-josef-marktredwitz.de\/index.php?rest_route=%2Fwp%2Fv2%2Fcomments&post=506"}],"version-history":[{"count":5,"href":"https:\/\/www.st-josef-marktredwitz.de\/index.php?rest_route=\/wp\/v2\/pages\/506\/revisions"}],"predecessor-version":[{"id":2880,"href":"https:\/\/www.st-josef-marktredwitz.de\/index.php?rest_route=\/wp\/v2\/pages\/506\/revisions\/2880"}],"up":[{"embeddable":true,"href":"https:\/\/www.st-josef-marktredwitz.de\/index.php?rest_route=\/wp\/v2\/pages\/27"}],"wp:attachment":[{"href":"https:\/\/www.st-josef-marktredwitz.de\/index.php?rest_route=%2Fwp%2Fv2%2Fmedia&parent=506"}],"curies":[{"name":"wp","href":"https:\/\/api.w.org\/{rel}","templated":true}]}}