{"id":519,"date":"2019-04-17T19:01:54","date_gmt":"2019-04-17T19:01:54","guid":{"rendered":"http:\/\/genesis.st-josef-marktredwitz.de\/?page_id=519"},"modified":"2026-03-08T08:43:47","modified_gmt":"2026-03-08T08:43:47","slug":"einrichtungen-der-pfarrei","status":"publish","type":"page","link":"https:\/\/www.st-josef-marktredwitz.de\/?page_id=519","title":{"rendered":"Einrichtungen in der Pfarrei"},"content":{"rendered":"\n<h3 class=\"wp-block-heading\">Begr\u00e4bniskasse<\/h3>\n\n\n\n<p>Die Begr\u00e4bniskasse St. Josef Marktredwitz ist ein kleiner Versicherungsverein im Sinne des \u00a753 VAG.<\/p>\n\n\n\n<p>Wir sind ein gemeinn\u00fctziger Verein. Es werden bei Abschluss der Versicherung keine Geb\u00fchren erhoben. S\u00e4mtliche Gewinne, die die Kasse erwirtschaftet, werden auf die Mitglieder umgelegt.<\/p>\n\n\n\n<p>Die Beitr\u00e4ge, die bis zum Eintritt des Todes entrichtet werden,&nbsp; sind nach Eintrittsalter und&nbsp; H\u00f6he der Versicherung gestaffelt.<\/p>\n\n\n\n<p><a href=\"https:\/\/www.st-josef-marktredwitz.de\/wp-content\/uploads\/2020\/11\/Tarifanhang-Begraebniskasse.pdf\">Tarifanhang Begr\u00e4bniskasse<\/a><\/p>\n\n\n\n<p>Haben Sie noch Fragen oder m\u00f6chten Sie der Versicherung beitreten? Dann k\u00f6nnen Sie mich wie folgt kontaktieren:<\/p>\n\n\n\n<p><strong>\u00d6ffnungszeiten:&nbsp;<\/strong>Dienstag, von 17:00 bis 19:00 Uhr (Tel.: 09231\/965211)<\/p>\n\n\n\n<p><strong>Kontakt: <\/strong>Helene Haaf (Gesch\u00e4ftsf\u00fchrerin), <a href=\"mailto:kelblerhaaf@web.de\">kelblerhaaf@web.de<\/a><\/p>\n\n\n\n<p><strong>Bankverbindung:<\/strong><\/p>\n\n\n\n<p>Sparkasse Hochfranken, IBAN DE53 7805 0000 0200 3356 77, BIC: BYLADEM1HOF<\/p>\n\n\n\n<h3 class=\"wp-block-heading\">Caritas-Sozialstation<\/h3>\n\n\n\n<p class=\"has-text-align-left\"><a href=\"http:\/\/www.caritas-sozialstation-marktredwitz.de\/\">www.caritas-sozialstation-marktredwitz.de<\/a><\/p>\n\n\n\n<h3 class=\"wp-block-heading\">Kindertagesst\u00e4tten<\/h3>\n\n\n\n<div class=\"wp-block-columns is-layout-flex wp-container-core-columns-is-layout-28f84493 wp-block-columns-is-layout-flex\">\n<div class=\"wp-block-column is-layout-flow wp-block-column-is-layout-flow\">\n<figure class=\"wp-block-image size-full\"><a href=\"http:\/\/www.kita-st-josef-mak.de\/\"><img loading=\"lazy\" decoding=\"async\" width=\"400\" height=\"300\" src=\"https:\/\/www.st-josef-marktredwitz.de\/wp-content\/uploads\/2019\/04\/Kiga-St-Josef-1.jpg\" alt=\"\" class=\"wp-image-685\"\/><\/a><figcaption class=\"wp-element-caption\"><a href=\"http:\/\/www.kita-st-josef-mak.de\/\">Kindertagesst\u00e4tte St. Josef<\/a><\/figcaption><\/figure>\n<\/div>\n\n\n\n<div class=\"wp-block-column is-layout-flow wp-block-column-is-layout-flow\">\n<figure class=\"wp-block-image size-full\"><a href=\"https:\/\/www.kita-stelisabeth-marktredwitz.de\/\"><img loading=\"lazy\" decoding=\"async\" width=\"649\" height=\"244\" src=\"https:\/\/www.st-josef-marktredwitz.de\/wp-content\/uploads\/2019\/04\/Kiga-St-Elisabeth.gif\" alt=\"\" class=\"wp-image-643\"\/><\/a><figcaption class=\"wp-element-caption\"><a href=\"https:\/\/www.kita-stelisabeth-marktredwitz.de\/\">Kindergarten St. Elisabeth<\/a><\/figcaption><\/figure>\n<\/div>\n<\/div>\n","protected":false},"excerpt":{"rendered":"<p>Begr\u00e4bniskasse Die Begr\u00e4bniskasse St. Josef Marktredwitz ist ein kleiner Versicherungsverein im Sinne des \u00a753 VAG. Wir sind ein gemeinn\u00fctziger Verein. Es werden bei Abschluss der Versicherung keine Geb\u00fchren erhoben. S\u00e4mtliche Gewinne, die die Kasse erwirtschaftet, werden auf die Mitglieder umgelegt. Die Beitr\u00e4ge, die bis zum Eintritt des Todes entrichtet werden,&nbsp; sind nach Eintrittsalter und&nbsp; H\u00f6he [&hellip;]<\/p>\n","protected":false},"author":1,"featured_media":0,"parent":25,"menu_order":40,"comment_status":"closed","ping_status":"closed","template":"","meta":{"footnotes":""},"class_list":["post-519","page","type-page","status-publish","hentry"],"publishpress_future_action":{"enabled":false,"date":"2026-04-28 13:14:31","action":"change-status","newStatus":"draft","terms":[],"taxonomy":"","extraData":[]},"publishpress_future_workflow_manual_trigger":{"enabledWorkflows":[]},"_links":{"self":[{"href":"https:\/\/www.st-josef-marktredwitz.de\/index.php?rest_route=\/wp\/v2\/pages\/519","targetHints":{"allow":["GET"]}}],"collection":[{"href":"https:\/\/www.st-josef-marktredwitz.de\/index.php?rest_route=\/wp\/v2\/pages"}],"about":[{"href":"https:\/\/www.st-josef-marktredwitz.de\/index.php?rest_route=\/wp\/v2\/types\/page"}],"author":[{"embeddable":true,"href":"https:\/\/www.st-josef-marktredwitz.de\/index.php?rest_route=\/wp\/v2\/users\/1"}],"replies":[{"embeddable":true,"href":"https:\/\/www.st-josef-marktredwitz.de\/index.php?rest_route=%2Fwp%2Fv2%2Fcomments&post=519"}],"version-history":[{"count":4,"href":"https:\/\/www.st-josef-marktredwitz.de\/index.php?rest_route=\/wp\/v2\/pages\/519\/revisions"}],"predecessor-version":[{"id":3053,"href":"https:\/\/www.st-josef-marktredwitz.de\/index.php?rest_route=\/wp\/v2\/pages\/519\/revisions\/3053"}],"up":[{"embeddable":true,"href":"https:\/\/www.st-josef-marktredwitz.de\/index.php?rest_route=\/wp\/v2\/pages\/25"}],"wp:attachment":[{"href":"https:\/\/www.st-josef-marktredwitz.de\/index.php?rest_route=%2Fwp%2Fv2%2Fmedia&parent=519"}],"curies":[{"name":"wp","href":"https:\/\/api.w.org\/{rel}","templated":true}]}}