{"id":532,"date":"2019-04-17T19:30:21","date_gmt":"2019-04-17T19:30:21","guid":{"rendered":"http:\/\/genesis.st-josef-marktredwitz.de\/?page_id=532"},"modified":"2022-11-17T16:28:15","modified_gmt":"2022-11-17T16:28:15","slug":"besuchsdienste","status":"publish","type":"page","link":"https:\/\/www.st-josef-marktredwitz.de\/?page_id=532","title":{"rendered":"Besuchsdienste"},"content":{"rendered":"\n<h3 class=\"wp-block-heading\">Krankenbesuche<\/h3>\n\n\n\n<p>Wir besuchen kranke Menschen im Klinikum Fichtelgebirge (Haus Marktredwitz).<\/p>\n\n\n\n<p><strong>Kontakt:\u00a0<\/strong>Pfarrer Robert Plo\u00df (Klinikseelsorger),\u00a0<a href=\"mailto:robert.ploss@ontext.de\">robert.ploss@ontext.de<\/a><\/p>\n\n\n\n<div class=\"wp-block-group has-global-padding is-layout-constrained wp-block-group-is-layout-constrained\">\n<div class=\"wp-block-columns is-layout-flex wp-container-core-columns-is-layout-28f84493 wp-block-columns-is-layout-flex\">\n<div class=\"wp-block-column is-layout-flow wp-block-column-is-layout-flow\" style=\"flex-basis:66.66%\">\n<h3 class=\"wp-block-heading\">Geburtstagsbesuchsdienst<\/h3>\n\n\n\n<p>Wir bem\u00fchen uns, auch durch Geburtstagsbesuche Kontakt zu unseren Pfarrangeh\u00f6rigen zu halten.<\/p>\n\n\n\n<p>Durch einen postalischen Gru\u00df, den Besuch eines ehrenamtlichen Mitarbeiters oder zeitnah bei einem runden Geburtstag durch einen Besuch von Pfarrer, Gemeindereferentin oder einem Mitglied des Pfarrgemeinderates \u00fcberbringen wir unsere Gl\u00fcckw\u00fcnsche.<\/p>\n<\/div>\n\n\n\n<div class=\"wp-block-column is-layout-flow wp-block-column-is-layout-flow\" style=\"flex-basis:33.33%\">\n<figure class=\"wp-block-image size-large\"><img loading=\"lazy\" decoding=\"async\" width=\"755\" height=\"1024\" src=\"https:\/\/www.st-josef-marktredwitz.de\/wp-content\/uploads\/2019\/04\/Geburtstagsbesuch-755x1024.jpg\" alt=\"\" class=\"wp-image-672\" srcset=\"https:\/\/www.st-josef-marktredwitz.de\/wp-content\/uploads\/2019\/04\/Geburtstagsbesuch-755x1024.jpg 755w, https:\/\/www.st-josef-marktredwitz.de\/wp-content\/uploads\/2019\/04\/Geburtstagsbesuch-368x500.jpg 368w, https:\/\/www.st-josef-marktredwitz.de\/wp-content\/uploads\/2019\/04\/Geburtstagsbesuch-768x1042.jpg 768w, https:\/\/www.st-josef-marktredwitz.de\/wp-content\/uploads\/2019\/04\/Geburtstagsbesuch.jpg 1792w\" sizes=\"auto, (max-width: 755px) 100vw, 755px\" \/><\/figure>\n<\/div>\n<\/div>\n<\/div>\n","protected":false},"excerpt":{"rendered":"<p>Krankenbesuche Wir besuchen kranke Menschen im Klinikum Fichtelgebirge (Haus Marktredwitz). Kontakt:\u00a0Pfarrer Robert Plo\u00df (Klinikseelsorger),\u00a0robert.ploss@ontext.de Geburtstagsbesuchsdienst Wir bem\u00fchen uns, auch durch Geburtstagsbesuche Kontakt zu unseren Pfarrangeh\u00f6rigen zu halten. Durch einen postalischen Gru\u00df, den Besuch eines ehrenamtlichen Mitarbeiters oder zeitnah bei einem runden Geburtstag durch einen Besuch von Pfarrer, Gemeindereferentin oder einem Mitglied des Pfarrgemeinderates \u00fcberbringen wir [&hellip;]<\/p>\n","protected":false},"author":1,"featured_media":0,"parent":27,"menu_order":30,"comment_status":"closed","ping_status":"closed","template":"","meta":{"footnotes":""},"class_list":["post-532","page","type-page","status-publish","hentry"],"publishpress_future_action":{"enabled":false,"date":"2026-05-07 00:51:44","action":"change-status","newStatus":"draft","terms":[],"taxonomy":"","extraData":[]},"publishpress_future_workflow_manual_trigger":{"enabledWorkflows":[]},"_links":{"self":[{"href":"https:\/\/www.st-josef-marktredwitz.de\/index.php?rest_route=\/wp\/v2\/pages\/532","targetHints":{"allow":["GET"]}}],"collection":[{"href":"https:\/\/www.st-josef-marktredwitz.de\/index.php?rest_route=\/wp\/v2\/pages"}],"about":[{"href":"https:\/\/www.st-josef-marktredwitz.de\/index.php?rest_route=\/wp\/v2\/types\/page"}],"author":[{"embeddable":true,"href":"https:\/\/www.st-josef-marktredwitz.de\/index.php?rest_route=\/wp\/v2\/users\/1"}],"replies":[{"embeddable":true,"href":"https:\/\/www.st-josef-marktredwitz.de\/index.php?rest_route=%2Fwp%2Fv2%2Fcomments&post=532"}],"version-history":[{"count":2,"href":"https:\/\/www.st-josef-marktredwitz.de\/index.php?rest_route=\/wp\/v2\/pages\/532\/revisions"}],"predecessor-version":[{"id":2171,"href":"https:\/\/www.st-josef-marktredwitz.de\/index.php?rest_route=\/wp\/v2\/pages\/532\/revisions\/2171"}],"up":[{"embeddable":true,"href":"https:\/\/www.st-josef-marktredwitz.de\/index.php?rest_route=\/wp\/v2\/pages\/27"}],"wp:attachment":[{"href":"https:\/\/www.st-josef-marktredwitz.de\/index.php?rest_route=%2Fwp%2Fv2%2Fmedia&parent=532"}],"curies":[{"name":"wp","href":"https:\/\/api.w.org\/{rel}","templated":true}]}}