{"id":54,"date":"2018-11-20T15:44:52","date_gmt":"2018-11-20T15:44:52","guid":{"rendered":"http:\/\/genesis.st-josef-marktredwitz.de\/?page_id=54"},"modified":"2025-09-16T18:41:47","modified_gmt":"2025-09-16T18:41:47","slug":"kirchenverwaltung","status":"publish","type":"page","link":"https:\/\/www.st-josef-marktredwitz.de\/?page_id=54","title":{"rendered":"Kirchenverwaltung"},"content":{"rendered":"\n<p>Die Kirchenverwaltung ist zust\u00e4ndig f\u00fcr die Finanzen der Pfarrei, die Erstellung der Kirchenrechnung und die Sorge um die Geb\u00e4ude der Pfarrei. Die Amtszeit betr\u00e4gt 6 Jahre.&nbsp;Sitzungen der Kirchenverwaltung sind nicht \u00f6ffentlich und finden&nbsp;meist im Kirchen-Caf\u00e9 statt.<\/p>\n\n\n\n<h4 class=\"wp-block-heading\">Der Kirchenverwaltung geh\u00f6ren\u00a0seit dem Jahr 2025\u00a0an:<\/h4>\n\n\n\n<ul class=\"wp-block-list\">\n<li>Pfarrer Stefan Langer (Kirchenverwaltungsvorstand) &#8211; <a href=\"mailto:stefan.langer@bistum-regensburg.de\">stefan.langer@bistum-regensburg.de<\/a>, 09231\/965220<\/li>\n\n\n\n<li>Yvonne Wittmann (Kirchenpflegerin) &#8211; <a href=\"mailto:yvonne.wittmann@strukturmechanik.com\">yvonne.wittmann@strukturmechanik.com<\/a>, 09231\/973499-0<\/li>\n\n\n\n<li>Klaus Fischer<\/li>\n\n\n\n<li>Claudia Grundler<\/li>\n\n\n\n<li>Gisela Hagen<\/li>\n\n\n\n<li>Anton Hollmann<\/li>\n\n\n\n<li>Christa Marx<\/li>\n\n\n\n<li>Simone Tippmann<\/li>\n\n\n\n<li>Christine Waterloo (Vertreterin des Pfarrgemeinderates)<\/li>\n<\/ul>\n\n\n\n<h4 class=\"wp-block-heading\">Bankverbindung<\/h4>\n\n\n\n<ul class=\"wp-block-list\">\n<li>IBAN: DE23 7805 0000 0222 0627 62<\/li>\n\n\n\n<li>BIC: BYLADEM1HOF<\/li>\n\n\n\n<li>Kto.-Nr.: &nbsp;222062762<\/li>\n\n\n\n<li>BLZ: 780 500 00<\/li>\n<\/ul>\n\n\n\n<h4 class=\"wp-block-heading\"><a href=\"https:\/\/www.st-josef-marktredwitz.de\/?page_id=205\">Informationen zum Kirchgeld<\/a><\/h4>\n","protected":false},"excerpt":{"rendered":"<p>Die Kirchenverwaltung ist zust\u00e4ndig f\u00fcr die Finanzen der Pfarrei, die Erstellung der Kirchenrechnung und die Sorge um die Geb\u00e4ude der Pfarrei. Die Amtszeit betr\u00e4gt 6 Jahre.&nbsp;Sitzungen der Kirchenverwaltung sind nicht \u00f6ffentlich und finden&nbsp;meist im Kirchen-Caf\u00e9 statt. Der Kirchenverwaltung geh\u00f6ren\u00a0seit dem Jahr 2025\u00a0an: Bankverbindung Informationen zum Kirchgeld<\/p>\n","protected":false},"author":1,"featured_media":0,"parent":25,"menu_order":10,"comment_status":"closed","ping_status":"closed","template":"","meta":{"footnotes":""},"class_list":["post-54","page","type-page","status-publish","hentry"],"publishpress_future_action":{"enabled":false,"date":"2026-04-23 00:43:36","action":"change-status","newStatus":"draft","terms":[],"taxonomy":"","extraData":[]},"publishpress_future_workflow_manual_trigger":{"enabledWorkflows":[]},"_links":{"self":[{"href":"https:\/\/www.st-josef-marktredwitz.de\/index.php?rest_route=\/wp\/v2\/pages\/54","targetHints":{"allow":["GET"]}}],"collection":[{"href":"https:\/\/www.st-josef-marktredwitz.de\/index.php?rest_route=\/wp\/v2\/pages"}],"about":[{"href":"https:\/\/www.st-josef-marktredwitz.de\/index.php?rest_route=\/wp\/v2\/types\/page"}],"author":[{"embeddable":true,"href":"https:\/\/www.st-josef-marktredwitz.de\/index.php?rest_route=\/wp\/v2\/users\/1"}],"replies":[{"embeddable":true,"href":"https:\/\/www.st-josef-marktredwitz.de\/index.php?rest_route=%2Fwp%2Fv2%2Fcomments&post=54"}],"version-history":[{"count":3,"href":"https:\/\/www.st-josef-marktredwitz.de\/index.php?rest_route=\/wp\/v2\/pages\/54\/revisions"}],"predecessor-version":[{"id":2921,"href":"https:\/\/www.st-josef-marktredwitz.de\/index.php?rest_route=\/wp\/v2\/pages\/54\/revisions\/2921"}],"up":[{"embeddable":true,"href":"https:\/\/www.st-josef-marktredwitz.de\/index.php?rest_route=\/wp\/v2\/pages\/25"}],"wp:attachment":[{"href":"https:\/\/www.st-josef-marktredwitz.de\/index.php?rest_route=%2Fwp%2Fv2%2Fmedia&parent=54"}],"curies":[{"name":"wp","href":"https:\/\/api.w.org\/{rel}","templated":true}]}}