{"id":56,"date":"2018-11-20T15:45:02","date_gmt":"2018-11-20T15:45:02","guid":{"rendered":"http:\/\/genesis.st-josef-marktredwitz.de\/?page_id=56"},"modified":"2025-09-06T16:12:09","modified_gmt":"2025-09-06T16:12:09","slug":"pfarrbuero","status":"publish","type":"page","link":"https:\/\/www.st-josef-marktredwitz.de\/?page_id=56","title":{"rendered":"Pfarrb\u00fcro"},"content":{"rendered":"\n<div class=\"wp-block-columns is-layout-flex wp-container-core-columns-is-layout-28f84493 wp-block-columns-is-layout-flex\">\n<div class=\"wp-block-column is-layout-flow wp-block-column-is-layout-flow\" style=\"flex-basis:66.66%\">\n<p>Im Pfarrb\u00fcro ist unsere B\u00fcroleiterin, Frau Karin Hollmann, f\u00fcr Sie da.<\/p>\n\n\n\n<h3 class=\"wp-block-heading\">\u00d6ffnungszeiten<\/h3>\n\n\n\n<ul class=\"wp-block-list\">\n<li>Dienstag: 08:00 bis 12:00 Uhr<\/li>\n\n\n\n<li>Mittwoch: 08:00 bis 12:00 Uhr<\/li>\n\n\n\n<li>Donnerstag: 14:00 bis 18:00 Uhr<\/li>\n\n\n\n<li>Freitag: 08:00 bis 12:00 Uhr<\/li>\n<\/ul>\n\n\n\n<h3 class=\"wp-block-heading\">Kontakt<\/h3>\n\n\n\n<ul class=\"wp-block-list\">\n<li>Katholisches Pfarramt St. Josef<\/li>\n\n\n\n<li>Bahnhofstra\u00dfe 9,&nbsp;95615 Marktredwitz<\/li>\n\n\n\n<li><a href=\"mailto:st-josef.marktredwitz@bistum-regensburg.de\">st-josef.marktredwitz@bistum-regensburg.de<\/a><\/li>\n\n\n\n<li>Tel.: 09231\/9652-0<\/li>\n<\/ul>\n<\/div>\n\n\n\n<div class=\"wp-block-column is-layout-flow wp-block-column-is-layout-flow\" style=\"flex-basis:33.33%\">\n<figure class=\"wp-block-image size-full\"><img loading=\"lazy\" decoding=\"async\" width=\"600\" height=\"903\" src=\"https:\/\/www.st-josef-marktredwitz.de\/wp-content\/uploads\/2019\/04\/Karin-Hollmann.jpg\" alt=\"\" class=\"wp-image-657\" srcset=\"https:\/\/www.st-josef-marktredwitz.de\/wp-content\/uploads\/2019\/04\/Karin-Hollmann.jpg 600w, https:\/\/www.st-josef-marktredwitz.de\/wp-content\/uploads\/2019\/04\/Karin-Hollmann-332x500.jpg 332w\" sizes=\"auto, (max-width: 600px) 100vw, 600px\" \/><\/figure>\n<\/div>\n<\/div>\n","protected":false},"excerpt":{"rendered":"<p>Im Pfarrb\u00fcro ist unsere B\u00fcroleiterin, Frau Karin Hollmann, f\u00fcr Sie da. \u00d6ffnungszeiten Kontakt<\/p>\n","protected":false},"author":1,"featured_media":0,"parent":25,"menu_order":2,"comment_status":"closed","ping_status":"closed","template":"","meta":{"footnotes":""},"class_list":["post-56","page","type-page","status-publish","hentry"],"publishpress_future_action":{"enabled":false,"date":"2026-04-28 11:55:05","action":"change-status","newStatus":"draft","terms":[],"taxonomy":"","extraData":[]},"publishpress_future_workflow_manual_trigger":{"enabledWorkflows":[]},"_links":{"self":[{"href":"https:\/\/www.st-josef-marktredwitz.de\/index.php?rest_route=\/wp\/v2\/pages\/56","targetHints":{"allow":["GET"]}}],"collection":[{"href":"https:\/\/www.st-josef-marktredwitz.de\/index.php?rest_route=\/wp\/v2\/pages"}],"about":[{"href":"https:\/\/www.st-josef-marktredwitz.de\/index.php?rest_route=\/wp\/v2\/types\/page"}],"author":[{"embeddable":true,"href":"https:\/\/www.st-josef-marktredwitz.de\/index.php?rest_route=\/wp\/v2\/users\/1"}],"replies":[{"embeddable":true,"href":"https:\/\/www.st-josef-marktredwitz.de\/index.php?rest_route=%2Fwp%2Fv2%2Fcomments&post=56"}],"version-history":[{"count":2,"href":"https:\/\/www.st-josef-marktredwitz.de\/index.php?rest_route=\/wp\/v2\/pages\/56\/revisions"}],"predecessor-version":[{"id":2908,"href":"https:\/\/www.st-josef-marktredwitz.de\/index.php?rest_route=\/wp\/v2\/pages\/56\/revisions\/2908"}],"up":[{"embeddable":true,"href":"https:\/\/www.st-josef-marktredwitz.de\/index.php?rest_route=\/wp\/v2\/pages\/25"}],"wp:attachment":[{"href":"https:\/\/www.st-josef-marktredwitz.de\/index.php?rest_route=%2Fwp%2Fv2%2Fmedia&parent=56"}],"curies":[{"name":"wp","href":"https:\/\/api.w.org\/{rel}","templated":true}]}}