{"id":95,"date":"2018-11-20T20:05:46","date_gmt":"2018-11-20T20:05:46","guid":{"rendered":"http:\/\/genesis.st-josef-marktredwitz.de\/?page_id=95"},"modified":"2022-11-17T11:24:13","modified_gmt":"2022-11-17T11:24:13","slug":"ministranten","status":"publish","type":"page","link":"https:\/\/www.st-josef-marktredwitz.de\/?page_id=95","title":{"rendered":"Ministranten"},"content":{"rendered":"\n<div class=\"wp-block-columns is-layout-flex wp-container-core-columns-is-layout-28f84493 wp-block-columns-is-layout-flex\">\n<div class=\"wp-block-column is-layout-flow wp-block-column-is-layout-flow\" style=\"flex-basis:66.66%\">\n<p>Die Ministranten der Pfarrei wirken bei den Gottesdiensten an den Sonntagen, an den Hochfesten sowie bei Taufen und Hochzeiten mit. Sie sind f\u00fcr den Altardienst und den Weihrauch zust\u00e4ndig.<\/p>\n\n\n\n<p>Die Gemeinschaft der Ministranten geht jedoch \u00fcber die Gottesdienste hinaus. Sie treffen sich in kleinen Gruppen, um das Ministrieren zu \u00fcben, zu kochen oder zu einer gemeinsamen Feier. In thematischen Gruppenstunden vertiefen sie ihren Glauben, indem sie einzelne Aspekte genauer behandeln. Ganz besonders freuen sich die Ministranten auf den j\u00e4hrlichen Tagesauflug in eine Stadt oder einen nahegelegenen Freizeitpark. Auch gibt es immer wieder Ministrantenwochenenden.<\/p>\n\n\n\n<p>Den aktuellen <strong>Mini-Plan <\/strong>findet ihr immer <a href=\"https:\/\/www.st-josef-marktredwitz.de\">auf der Startseite unter <strong>Dienstpl\u00e4ne<\/strong><\/a>.<\/p>\n<\/div>\n\n\n\n<div class=\"wp-block-column is-layout-flow wp-block-column-is-layout-flow\" style=\"flex-basis:33.33%\">\n<figure class=\"wp-block-image size-large\"><img loading=\"lazy\" decoding=\"async\" width=\"768\" height=\"1024\" src=\"https:\/\/www.st-josef-marktredwitz.de\/wp-content\/uploads\/2019\/07\/Ministranten-768x1024.jpg\" alt=\"\" class=\"wp-image-896\" srcset=\"https:\/\/www.st-josef-marktredwitz.de\/wp-content\/uploads\/2019\/07\/Ministranten.jpg 768w, https:\/\/www.st-josef-marktredwitz.de\/wp-content\/uploads\/2019\/07\/Ministranten-375x500.jpg 375w\" sizes=\"auto, (max-width: 768px) 100vw, 768px\" \/><\/figure>\n<\/div>\n<\/div>\n","protected":false},"excerpt":{"rendered":"<p>Die Ministranten der Pfarrei wirken bei den Gottesdiensten an den Sonntagen, an den Hochfesten sowie bei Taufen und Hochzeiten mit. Sie sind f\u00fcr den Altardienst und den Weihrauch zust\u00e4ndig. Die Gemeinschaft der Ministranten geht jedoch \u00fcber die Gottesdienste hinaus. Sie treffen sich in kleinen Gruppen, um das Ministrieren zu \u00fcben, zu kochen oder zu einer [&hellip;]<\/p>\n","protected":false},"author":1,"featured_media":0,"parent":25,"menu_order":20,"comment_status":"closed","ping_status":"closed","template":"","meta":{"footnotes":""},"class_list":["post-95","page","type-page","status-publish","hentry"],"publishpress_future_action":{"enabled":false,"date":"2026-04-28 11:54:14","action":"change-status","newStatus":"draft","terms":[],"taxonomy":"","extraData":[]},"publishpress_future_workflow_manual_trigger":{"enabledWorkflows":[]},"_links":{"self":[{"href":"https:\/\/www.st-josef-marktredwitz.de\/index.php?rest_route=\/wp\/v2\/pages\/95","targetHints":{"allow":["GET"]}}],"collection":[{"href":"https:\/\/www.st-josef-marktredwitz.de\/index.php?rest_route=\/wp\/v2\/pages"}],"about":[{"href":"https:\/\/www.st-josef-marktredwitz.de\/index.php?rest_route=\/wp\/v2\/types\/page"}],"author":[{"embeddable":true,"href":"https:\/\/www.st-josef-marktredwitz.de\/index.php?rest_route=\/wp\/v2\/users\/1"}],"replies":[{"embeddable":true,"href":"https:\/\/www.st-josef-marktredwitz.de\/index.php?rest_route=%2Fwp%2Fv2%2Fcomments&post=95"}],"version-history":[{"count":5,"href":"https:\/\/www.st-josef-marktredwitz.de\/index.php?rest_route=\/wp\/v2\/pages\/95\/revisions"}],"predecessor-version":[{"id":2109,"href":"https:\/\/www.st-josef-marktredwitz.de\/index.php?rest_route=\/wp\/v2\/pages\/95\/revisions\/2109"}],"up":[{"embeddable":true,"href":"https:\/\/www.st-josef-marktredwitz.de\/index.php?rest_route=\/wp\/v2\/pages\/25"}],"wp:attachment":[{"href":"https:\/\/www.st-josef-marktredwitz.de\/index.php?rest_route=%2Fwp%2Fv2%2Fmedia&parent=95"}],"curies":[{"name":"wp","href":"https:\/\/api.w.org\/{rel}","templated":true}]}}